{"id":9,"date":"2022-05-24T14:57:31","date_gmt":"2022-05-24T14:57:31","guid":{"rendered":"https:\/\/startersites.io\/blocksy\/barber-shop\/?page_id=9"},"modified":"2025-08-02T21:46:24","modified_gmt":"2025-08-02T21:46:24","slug":"services","status":"publish","type":"page","link":"https:\/\/pachitajg.com\/it\/services\/","title":{"rendered":"Noi"},"content":{"rendered":"<div class=\"wp-block-stackable-columns alignfull stk-block-columns stk-block stk-2745f65 stk-block-background stk--has-background-overlay\" data-block-id=\"2745f65\"><style>.stk-2745f65 {background-color:var(--theme-palette-color-4, #1A1E21) !important;background-image:url(https:\/\/pachitajg.com\/wp-content\/uploads\/2025\/05\/WhatsApp-Image-2025-05-13-at-01.35.06.jpeg) !important;padding-top:100px !important;padding-bottom:100px !important;margin-bottom:0px !important;}.stk-2745f65:before{background-color:var(--theme-palette-color-4, #1A1E21) !important;opacity:0.3 !important;}@media screen and (max-width:999px){.stk-2745f65 {padding-top:60px !important;padding-bottom:60px !important;}}<\/style><div class=\"stk-row stk-inner-blocks stk-block-content stk-content-align stk-2745f65-column\">\n<div class=\"wp-block-stackable-column stk-block-column stk-column stk-block stk-1764027\" data-v=\"4\" data-block-id=\"1764027\"><style>.stk-1764027-container{margin-top:0px !important;margin-right:0px !important;margin-bottom:0px !important;margin-left:0px !important;}<\/style><div class=\"stk-column-wrapper stk-block-column__content stk-container stk-1764027-container stk--no-background stk--no-padding\"><div class=\"stk-block-content stk-inner-blocks stk-1764027-inner-blocks\">\n<div class=\"wp-block-stackable-heading stk-block-heading stk-block-heading--v2 stk-block stk-98c76d6\" id=\"nosotros\" data-block-id=\"98c76d6\"><style>.stk-98c76d6 .stk-block-heading__text{font-size:50px !important;color:var(--theme-palette-color-8, #ffffff) !important;}@media screen and (max-width:999px){.stk-98c76d6 .stk-block-heading__text{font-size:35px !important;}}<\/style><h2 class=\"stk-block-heading__text has-text-color has-text-align-center\">Noi<\/h2><\/div>\n<\/div><\/div><\/div>\n<\/div><\/div>\n\n\n\n<div class=\"wp-block-stackable-spacer stk-block-spacer stk--no-padding stk-block stk-7350e78\" data-block-id=\"7350e78\"><style>.stk-7350e78 {height:100px !important;}@media screen and (max-width:999px){.stk-7350e78 {height:60px !important;}}<\/style><\/div>\n\n\n\n<div class=\"wp-block-stackable-columns stk-block-columns stk-block stk-6947f6a\" data-block-id=\"6947f6a\"><style>.stk-6947f6a {max-width:1100px !important;min-width:auto !important;}<\/style><div class=\"stk-row stk-inner-blocks stk-block-content stk-content-align stk-6947f6a-column\">\n<div class=\"wp-block-stackable-column stk-block-column stk-column stk-block stk-930411c\" data-v=\"4\" data-block-id=\"930411c\"><div class=\"stk-column-wrapper stk-block-column__content stk-container stk-930411c-container stk--no-background stk--no-padding\"><div class=\"stk-block-content stk-inner-blocks stk-930411c-inner-blocks\">\n<div class=\"wp-block-stackable-heading stk-block-heading stk-block-heading--v2 stk-block stk-6f44c7b\" id=\"pachita-jg\" data-block-id=\"6f44c7b\"><h2 class=\"stk-block-heading__text\">PACHITA JG<\/h2><\/div>\n\n\n\n<div class=\"wp-block-stackable-text stk-block-text stk-block stk-d3e4ff3\" data-block-id=\"d3e4ff3\"><style>.stk-d3e4ff3 {margin-bottom:0px !important;}<\/style><p class=\"stk-block-text__text\">Benvenuti a Pachita JG, dove la magia della natura si trasforma in arte!<\/p><\/div>\n\n\n\n<p><br>Nel nostro laboratorio creiamo oggetti artigianali unici con il tagua, noto anche come \"avorio vegetale\". Questo straordinario seme, estratto dalle palme tagua delle foreste ecuadoriane, \u00e8 il cuore di ogni creazione. Ogni pezzo \u00e8 realizzato a mano da artigiani locali, eredi di tecniche ancestrali che uniscono tradizione, innovazione e rispetto per la Terra. <\/p>\n\n\n\n<p>Tutti gli accessori catturano l'essenza dell'autenticit\u00e0; le nostre creazioni non solo celebrano la ricchezza culturale dell'Ecuador, ma rappresentano anche un impegno al rispetto dell'ambiente e del regno animale.<\/p>\n<\/div><\/div><\/div>\n<\/div><\/div>\n\n\n\n<div class=\"wp-block-stackable-spacer stk-block-spacer stk--no-padding stk-block stk-5510d89\" data-block-id=\"5510d89\"><style>.stk-5510d89 {height:50px !important;}@media screen and (max-width:999px){.stk-5510d89 {height:60px !important;}}<\/style><\/div>\n\n\n\n<div class=\"wp-block-stackable-columns alignwide stk-block-columns stk-block stk-afe8375\" data-block-id=\"afe8375\"><div class=\"stk-row stk-inner-blocks has-text-align-center stk-block-content stk-content-align stk-afe8375-column alignwide\">\n<div class=\"wp-block-stackable-column stk-block-column stk-column stk-block stk-6ab8067\" data-v=\"4\" data-block-id=\"6ab8067\"><div class=\"stk-column-wrapper stk-block-column__content stk-container stk-6ab8067-container stk--no-background stk--no-padding\"><div class=\"stk-block-content stk-inner-blocks stk-6ab8067-inner-blocks\">\n<div class=\"wp-block-stackable-image aligncenter stk-block-image stk-block stk-d448154\" data-block-id=\"d448154\"><style>.stk-d448154 .stk-img-wrapper{width:100% !important;height:550px !important;}<\/style><figure><span class=\"stk-img-wrapper stk-image--shape-stretch\"><img loading=\"lazy\" decoding=\"async\" class=\"stk-img wp-image-1881\" src=\"https:\/\/pachitajg.com\/wp-content\/uploads\/2025\/05\/WhatsApp-Image-2025-05-14-at-08.10.35.jpeg\" width=\"1077\" height=\"1457\" srcset=\"https:\/\/pachitajg.com\/wp-content\/uploads\/2025\/05\/WhatsApp-Image-2025-05-14-at-08.10.35.jpeg 1077w, https:\/\/pachitajg.com\/wp-content\/uploads\/2025\/05\/WhatsApp-Image-2025-05-14-at-08.10.35-222x300.jpeg 222w, https:\/\/pachitajg.com\/wp-content\/uploads\/2025\/05\/WhatsApp-Image-2025-05-14-at-08.10.35-757x1024.jpeg 757w, https:\/\/pachitajg.com\/wp-content\/uploads\/2025\/05\/WhatsApp-Image-2025-05-14-at-08.10.35-768x1039.jpeg 768w\" sizes=\"auto, (max-width: 1077px) 100vw, 1077px\" \/><\/span><\/figure><\/div>\n<\/div><\/div><\/div>\n<\/div><\/div>\n\n\n\n<div class=\"wp-block-stackable-spacer stk-block-spacer stk--no-padding stk-block stk-a2329e7\" data-block-id=\"a2329e7\"><style>.stk-a2329e7 {height:50px !important;}@media screen and (max-width:999px){.stk-a2329e7 {height:60px !important;}}<\/style><\/div>","protected":false},"excerpt":{"rendered":"<p>Nosotros PACHITA JG \u00a1Bienvenidos a Pachita JG, donde la magia de la naturaleza se transforma en arte! En nuestro taller, creamos objetos artesanales \u00fanicos con tagua, tambi\u00e9n conocida como \u00abmarfil vegetal\u00bb. Esta extraordinaria semilla, extra\u00edda de las palmas de tagua en los bosques ecuatorianos, es el coraz\u00f3n de cada creaci\u00f3n. Cada pieza est\u00e1 hecha a [&hellip;]<\/p>","protected":false},"author":1,"featured_media":0,"parent":0,"menu_order":0,"comment_status":"closed","ping_status":"closed","template":"","meta":{"pgc_sgb_lightbox_settings":"","footnotes":""},"class_list":["post-9","page","type-page","status-publish","hentry"],"blocksy_meta":{"styles_descriptor":{"styles":{"desktop":"","tablet":"","mobile":""},"google_fonts":[],"version":6},"page_title_panel":"","has_hero_section":"disabled","ca06c1597c5c96e87e439105533ed025":"","hero_section":"type-1","hero_elements":[{"id":"custom_title","enabled":true,"heading_tag":"h1","title":"Casa"},{"id":"custom_description","enabled":true,"description_visibility":{"desktop":true,"tablet":true,"mobile":false}},{"id":"custom_meta","enabled":false,"meta_elements":[{"id":"author","enabled":true,"label":"By","has_author_avatar":"yes","avatar_size":25},{"id":"post_date","enabled":true,"label":"On","date_format_source":"default","date_format":"M j, Y"},{"id":"updated_date","enabled":false,"label":"On","date_format_source":"default","date_format":"M j, Y"},{"id":"categories","enabled":false,"label":"In","style":"simple"},{"id":"comments","enabled":true}],"page_meta_elements":{"joined":true,"articles_count":true,"comments":true}},{"id":"breadcrumbs","enabled":false}],"878a8a317ac5f23fc095535ad1d81f60":"","hero_alignment1":"CT_CSS_SKIP_RULE","hero_margin":40,"hero_alignment2":"center","hero_vertical_alignment":"center","93765ad243e86f39fc99942db5ff7554":"","hero_structure":"narrow","282bf3f72b7894b482f7bd7404c95376":"","page_title_bg_type":"featured_image","custom_hero_background":{"attachment_id":null},"page_title_image_size":"full","parallax":{"desktop":false,"tablet":false,"mobile":false},"a031acfd731f71ae71830c7f312d3fc6":"","hero_height":"250px","pageTitleFont":{"family":"Default","variation":"Default","size":"30px","line-height":"CT_CSS_SKIP_RULE","letter-spacing":"CT_CSS_SKIP_RULE","text-transform":"CT_CSS_SKIP_RULE","text-decoration":"CT_CSS_SKIP_RULE"},"pageTitleFontColor":{"default":{"color":"CT_CSS_SKIP_RULEDEFAULT"}},"pageMetaFont":{"family":"Default","variation":"n6","size":"12px","line-height":"1.3","letter-spacing":"CT_CSS_SKIP_RULE","text-transform":"uppercase","text-decoration":"CT_CSS_SKIP_RULE"},"pageMetaFontColor":{"default":{"color":"CT_CSS_SKIP_RULEDEFAULT"},"hover":{"color":"CT_CSS_SKIP_RULEDEFAULT"}},"page_meta_button_type_font_colors":{"default":{"color":"CT_CSS_SKIP_RULEDEFAULT"},"hover":{"color":"CT_CSS_SKIP_RULEDEFAULT"}},"page_meta_button_type_background_colors":{"default":{"color":"CT_CSS_SKIP_RULEDEFAULT"},"hover":{"color":"CT_CSS_SKIP_RULEDEFAULT"}},"pageExcerptFont":{"family":"Default","variation":"Default","size":"CT_CSS_SKIP_RULE","line-height":"CT_CSS_SKIP_RULE","letter-spacing":"CT_CSS_SKIP_RULE","text-transform":"CT_CSS_SKIP_RULE","text-decoration":"CT_CSS_SKIP_RULE"},"pageExcerptColor":{"default":{"color":"CT_CSS_SKIP_RULEDEFAULT"}},"breadcrumbsFont":{"family":"Default","variation":"Default","size":"CT_CSS_SKIP_RULE","line-height":"CT_CSS_SKIP_RULE","letter-spacing":"CT_CSS_SKIP_RULE","text-transform":"CT_CSS_SKIP_RULE","text-decoration":"CT_CSS_SKIP_RULE"},"breadcrumbsFontColor":{"default":{"color":"CT_CSS_SKIP_RULEDEFAULT"},"initial":{"color":"CT_CSS_SKIP_RULEDEFAULT"},"hover":{"color":"CT_CSS_SKIP_RULEDEFAULT"}},"pageTitleOverlay":{"background_type":"color","background_pattern":"type-1","background_image":{"attachment_id":null,"x":0,"y":0},"gradient":"linear-gradient(135deg,rgba(6,147,227,1) 0%,rgb(155,81,224) 100%)","background_repeat":"repeat","background_size":"auto","background_attachment":"scroll","patternColor":{"default":{"color":"#e5e7ea"}},"overlayColor":{"default":{"color":"CT_CSS_SKIP_RULE"}},"backgroundColor":{"default":{"color":"CT_CSS_SKIP_RULE"}}},"pageTitleBackground":{"background_type":"color","background_pattern":"type-1","background_image":{"attachment_id":null,"x":0,"y":0},"gradient":"linear-gradient(135deg,rgba(6,147,227,1) 0%,rgb(155,81,224) 100%)","background_repeat":"repeat","background_size":"auto","background_attachment":"scroll","patternColor":{"default":{"color":"#e5e7ea"}},"overlayColor":{"default":{"color":"CT_CSS_SKIP_RULE"}},"backgroundColor":{"default":{"color":"var(--theme-palette-color-6)"}}},"pageTitlePadding":{"top":"50px","bottom":"50px","left":"auto","right":"auto","linked":true},"375823d74c67cc176d3818000242cb04":"","page_structure_type":"default","e293fc4bce7a57740346c02d552b89c9":"","content_style_source":"inherit","content_style":"wide","vertical_spacing_source":"custom","content_area_spacing":"none","background":{"background_type":"color","background_pattern":"type-1","background_image":{"attachment_id":null,"x":0,"y":0},"gradient":"linear-gradient(135deg,rgba(6,147,227,1) 0%,rgb(155,81,224) 100%)","background_repeat":"repeat","background_size":"auto","background_attachment":"scroll","patternColor":{"default":{"color":"#e5e7ea"}},"overlayColor":{"default":{"color":"CT_CSS_SKIP_RULE"}},"backgroundColor":{"default":{"color":"CT_CSS_SKIP_RULE"}}},"content_background":{"background_type":"color","background_pattern":"type-1","background_image":{"attachment_id":null,"x":0,"y":0},"gradient":"linear-gradient(135deg,rgba(6,147,227,1) 0%,rgb(155,81,224) 100%)","background_repeat":"repeat","background_size":"auto","background_attachment":"scroll","patternColor":{"default":{"color":"#e5e7ea"}},"overlayColor":{"default":{"color":"CT_CSS_SKIP_RULE"}},"backgroundColor":{"default":{"color":"var(--theme-palette-color-8)"}}},"content_boxed_shadow":{"inherit":false,"blur":18,"spread":-6,"v_offset":12,"h_offset":0,"inset":false,"enable":true,"color":{"color":"rgba(34, 56, 101, 0.04)"}},"content_boxed_border":{"width":1,"style":"none","color":{"color":"rgba(44,62,80,0.2)"}},"content_boxed_radius":{"top":"3px","bottom":"3px","left":"3px","right":"3px","linked":true},"boxed_content_spacing":{"desktop":{"top":"40px","bottom":"40px","left":"40px","right":"40px","linked":true},"tablet":{"top":"35px","bottom":"35px","left":"35px","right":"35px","linked":true},"mobile":{"top":"20px","bottom":"20px","left":"20px","right":"20px","linked":true}},"fc5ba9e9d7712e2d7a53f310905facf1":"","disable_featured_image":"no","disable_share_box":"no","disable_header":"no","disable_footer":"no"},"_links":{"self":[{"href":"https:\/\/pachitajg.com\/it\/wp-json\/wp\/v2\/pages\/9","targetHints":{"allow":["GET"]}}],"collection":[{"href":"https:\/\/pachitajg.com\/it\/wp-json\/wp\/v2\/pages"}],"about":[{"href":"https:\/\/pachitajg.com\/it\/wp-json\/wp\/v2\/types\/page"}],"author":[{"embeddable":true,"href":"https:\/\/pachitajg.com\/it\/wp-json\/wp\/v2\/users\/1"}],"replies":[{"embeddable":true,"href":"https:\/\/pachitajg.com\/it\/wp-json\/wp\/v2\/comments?post=9"}],"version-history":[{"count":101,"href":"https:\/\/pachitajg.com\/it\/wp-json\/wp\/v2\/pages\/9\/revisions"}],"predecessor-version":[{"id":2025,"href":"https:\/\/pachitajg.com\/it\/wp-json\/wp\/v2\/pages\/9\/revisions\/2025"}],"wp:attachment":[{"href":"https:\/\/pachitajg.com\/it\/wp-json\/wp\/v2\/media?parent=9"}],"curies":[{"name":"wp","href":"https:\/\/api.w.org\/{rel}","templated":true}]}}